{"id":4388,"date":"2021-04-21T16:13:57","date_gmt":"2021-04-21T16:13:57","guid":{"rendered":"https:\/\/nefy.redrocks.agency\/product\/sticker-and-label-removers\/"},"modified":"2021-05-25T13:37:17","modified_gmt":"2021-05-25T13:37:17","slug":"decapant-pour-autocollants-et-etiquettes","status":"publish","type":"product","link":"https:\/\/nefy.com.pl\/fr\/produit\/decapant-pour-autocollants-et-etiquettes\/","title":{"rendered":"D\u00e9capant pour autocollants et \u00e9tiquettes"},"content":{"rendered":"","protected":false},"excerpt":{"rendered":"<p>flacon pulv\u00e9risateur \u2013 500 ml<\/p>\n","protected":false},"author":3,"featured_media":3116,"menu_order":0,"template":"","category_product":[234],"category_product_room":[150],"category_product_application":[168],"yoast_head":"<!-- This site is optimized with the Yoast SEO plugin v16.0.2 - https:\/\/yoast.com\/wordpress\/plugins\/seo\/ -->\n<title>D\u00e9capant pour autocollants et \u00e9tiquettes - Nefy<\/title>\n<link rel=\"canonical\" href=\"https:\/\/nefy.com.pl\/fr\/produit\/decapant-pour-autocollants-et-etiquettes\/\" \/>\n<meta property=\"og:locale\" content=\"fr_FR\" \/>\n<meta property=\"og:type\" content=\"article\" \/>\n<meta property=\"og:title\" content=\"D\u00e9capant pour autocollants et \u00e9tiquettes - Nefy\" \/>\n<meta property=\"og:description\" content=\"flacon pulv\u00e9risateur \u2013 500 ml\" \/>\n<meta property=\"og:url\" content=\"https:\/\/nefy.com.pl\/fr\/produit\/decapant-pour-autocollants-et-etiquettes\/\" \/>\n<meta property=\"og:site_name\" content=\"Nefy\" \/>\n<meta property=\"article:modified_time\" content=\"2021-05-25T13:37:17+00:00\" \/>\n<meta property=\"og:image\" content=\"https:\/\/nefy.com.pl\/app\/uploads\/2021\/04\/Sticker-and-label-removers-NEN500INT1A_export-e1619021485646.jpg\" \/>\n\t<meta property=\"og:image:width\" content=\"2000\" \/>\n\t<meta property=\"og:image:height\" content=\"2000\" \/>\n<meta name=\"twitter:card\" content=\"summary_large_image\" \/>\n<script type=\"application\/ld+json\" class=\"yoast-schema-graph\">{\"@context\":\"https:\/\/schema.org\",\"@graph\":[{\"@type\":\"Organization\",\"@id\":\"https:\/\/nefy.com.pl\/#organization\",\"name\":\"Pomoc Domowa - Profesjonalne \\u015brodki czyszcz\\u0105ce\",\"url\":\"https:\/\/nefy.com.pl\/\",\"sameAs\":[],\"logo\":{\"@type\":\"ImageObject\",\"@id\":\"https:\/\/nefy.com.pl\/#logo\",\"inLanguage\":\"fr-FR\",\"url\":\"https:\/\/nefy.com.pl\/app\/uploads\/2020\/10\/Rectangle-1.svg\",\"width\":186,\"height\":84,\"caption\":\"Pomoc Domowa - Profesjonalne \\u015brodki czyszcz\\u0105ce\"},\"image\":{\"@id\":\"https:\/\/nefy.com.pl\/#logo\"}},{\"@type\":\"WebSite\",\"@id\":\"https:\/\/nefy.com.pl\/#website\",\"url\":\"https:\/\/nefy.com.pl\/\",\"name\":\"Nefy\",\"description\":\"\",\"publisher\":{\"@id\":\"https:\/\/nefy.com.pl\/#organization\"},\"potentialAction\":[{\"@type\":\"SearchAction\",\"target\":\"https:\/\/nefy.com.pl\/?s={search_term_string}\",\"query-input\":\"required name=search_term_string\"}],\"inLanguage\":\"fr-FR\"},{\"@type\":\"ImageObject\",\"@id\":\"https:\/\/nefy.com.pl\/fr\/produit\/decapant-pour-autocollants-et-etiquettes\/#primaryimage\",\"inLanguage\":\"fr-FR\",\"url\":\"https:\/\/nefy.com.pl\/app\/uploads\/2021\/04\/Sticker-and-label-removers-NEN500INT1A_export-e1619021485646.jpg\",\"width\":2000,\"height\":2000,\"caption\":\"Sticker and label removers\"},{\"@type\":\"WebPage\",\"@id\":\"https:\/\/nefy.com.pl\/fr\/produit\/decapant-pour-autocollants-et-etiquettes\/#webpage\",\"url\":\"https:\/\/nefy.com.pl\/fr\/produit\/decapant-pour-autocollants-et-etiquettes\/\",\"name\":\"D\\u00e9capant pour autocollants et \\u00e9tiquettes - Nefy\",\"isPartOf\":{\"@id\":\"https:\/\/nefy.com.pl\/#website\"},\"primaryImageOfPage\":{\"@id\":\"https:\/\/nefy.com.pl\/fr\/produit\/decapant-pour-autocollants-et-etiquettes\/#primaryimage\"},\"datePublished\":\"2021-04-21T16:13:57+00:00\",\"dateModified\":\"2021-05-25T13:37:17+00:00\",\"breadcrumb\":{\"@id\":\"https:\/\/nefy.com.pl\/fr\/produit\/decapant-pour-autocollants-et-etiquettes\/#breadcrumb\"},\"inLanguage\":\"fr-FR\",\"potentialAction\":[{\"@type\":\"ReadAction\",\"target\":[\"https:\/\/nefy.com.pl\/fr\/produit\/decapant-pour-autocollants-et-etiquettes\/\"]}]},{\"@type\":\"BreadcrumbList\",\"@id\":\"https:\/\/nefy.com.pl\/fr\/produit\/decapant-pour-autocollants-et-etiquettes\/#breadcrumb\",\"itemListElement\":[{\"@type\":\"ListItem\",\"position\":1,\"item\":{\"@type\":\"WebPage\",\"@id\":\"https:\/\/nefy.com.pl\/fr\/\",\"url\":\"https:\/\/nefy.com.pl\/fr\/\",\"name\":\"Home page\"}},{\"@type\":\"ListItem\",\"position\":2,\"item\":{\"@type\":\"WebPage\",\"@id\":\"https:\/\/nefy.com.pl\/fr\/produit\/decapant-pour-autocollants-et-etiquettes\/\",\"url\":\"https:\/\/nefy.com.pl\/fr\/produit\/decapant-pour-autocollants-et-etiquettes\/\",\"name\":\"D\\u00e9capant pour autocollants et \\u00e9tiquettes\"}}]}]}<\/script>\n<!-- \/ Yoast SEO plugin. -->","_links":{"self":[{"href":"https:\/\/nefy.com.pl\/fr\/wp-json\/wp\/v2\/product\/4388"}],"collection":[{"href":"https:\/\/nefy.com.pl\/fr\/wp-json\/wp\/v2\/product"}],"about":[{"href":"https:\/\/nefy.com.pl\/fr\/wp-json\/wp\/v2\/types\/product"}],"author":[{"embeddable":true,"href":"https:\/\/nefy.com.pl\/fr\/wp-json\/wp\/v2\/users\/3"}],"version-history":[{"count":5,"href":"https:\/\/nefy.com.pl\/fr\/wp-json\/wp\/v2\/product\/4388\/revisions"}],"predecessor-version":[{"id":5958,"href":"https:\/\/nefy.com.pl\/fr\/wp-json\/wp\/v2\/product\/4388\/revisions\/5958"}],"wp:featuredmedia":[{"embeddable":true,"href":"https:\/\/nefy.com.pl\/fr\/wp-json\/wp\/v2\/media\/3116"}],"wp:attachment":[{"href":"https:\/\/nefy.com.pl\/fr\/wp-json\/wp\/v2\/media?parent=4388"}],"wp:term":[{"taxonomy":"category_product","embeddable":true,"href":"https:\/\/nefy.com.pl\/fr\/wp-json\/wp\/v2\/category_product?post=4388"},{"taxonomy":"category_product_room","embeddable":true,"href":"https:\/\/nefy.com.pl\/fr\/wp-json\/wp\/v2\/category_product_room?post=4388"},{"taxonomy":"category_product_application","embeddable":true,"href":"https:\/\/nefy.com.pl\/fr\/wp-json\/wp\/v2\/category_product_application?post=4388"}],"curies":[{"name":"wp","href":"https:\/\/api.w.org\/{rel}","templated":true}]}}